{"id":5,"date":"2023-07-21T13:27:22","date_gmt":"2023-07-21T11:27:22","guid":{"rendered":"http:\/\/alt-lo.be\/?page_id=5"},"modified":"2023-07-21T14:32:29","modified_gmt":"2023-07-21T12:32:29","slug":"experts-en-comptabilite-de-coproprietes","status":"publish","type":"page","link":"https:\/\/alt-lo.be\/","title":{"rendered":"Experts en comptabilit\u00e9 de copropri\u00e9t\u00e9s"},"content":{"rendered":"\n<p>Laurence Ohmann a cr\u00e9\u00e9 ALT-LO pour r\u00e9pondre aux besoins d\u2019aide, d\u2019assistance et de conseils des copropri\u00e9taires en mati\u00e8re de comptabilit\u00e9 et gestion financi\u00e8re de copropri\u00e9t\u00e9s et mettre \u00e0 leur service ses comp\u00e9tences dans le domaine de la comptabilit\u00e9 de syndic, de l\u2019informatique et de la gestion de proc\u00e9dures, comp\u00e9tences acquises \u00e0 la fois par ses \u00e9tudes et son exp\u00e9rience.<\/p>\n\n\n\n<p>Nous sommes une \u00e9quipe de 3 professionnels sp\u00e9cialis\u00e9s en comptabilit\u00e9 des copropri\u00e9t\u00e9s. Nous sommes totalement ind\u00e9pendants et enti\u00e8rement d\u00e9vou\u00e9s \u00e0 la d\u00e9fense des int\u00e9r\u00eats des copropri\u00e9taires.<\/p>\n\n\n\n<p>En nous faisant confiance, vous vous donnez les moyens de valider la gestion comptable et financi\u00e8re de votre copropri\u00e9t\u00e9.<\/p>\n","protected":false},"excerpt":{"rendered":"<p>Laurence Ohmann a cr\u00e9\u00e9 ALT-LO pour r\u00e9pondre aux besoins d\u2019aide, d\u2019assistance et de conseils des copropri\u00e9taires en mati\u00e8re de comptabilit\u00e9 et gestion financi\u00e8re de copropri\u00e9t\u00e9s et mettre \u00e0 leur service ses comp\u00e9tences dans le domaine de la comptabilit\u00e9 de syndic, de l\u2019informatique et de la gestion de proc\u00e9dures, comp\u00e9tences acquises<span class=\"more-link\"><a href=\"https:\/\/alt-lo.be\/\">Read More &rarr;<\/a><\/span><\/p>\n","protected":false},"author":1,"featured_media":0,"parent":0,"menu_order":0,"comment_status":"closed","ping_status":"closed","template":"","meta":{"footnotes":""},"class_list":["entry","author-altlo","post-5","page","type-page","status-publish"],"_links":{"self":[{"href":"https:\/\/alt-lo.be\/index.php\/wp-json\/wp\/v2\/pages\/5","targetHints":{"allow":["GET"]}}],"collection":[{"href":"https:\/\/alt-lo.be\/index.php\/wp-json\/wp\/v2\/pages"}],"about":[{"href":"https:\/\/alt-lo.be\/index.php\/wp-json\/wp\/v2\/types\/page"}],"author":[{"embeddable":true,"href":"https:\/\/alt-lo.be\/index.php\/wp-json\/wp\/v2\/users\/1"}],"replies":[{"embeddable":true,"href":"https:\/\/alt-lo.be\/index.php\/wp-json\/wp\/v2\/comments?post=5"}],"version-history":[{"count":5,"href":"https:\/\/alt-lo.be\/index.php\/wp-json\/wp\/v2\/pages\/5\/revisions"}],"predecessor-version":[{"id":44,"href":"https:\/\/alt-lo.be\/index.php\/wp-json\/wp\/v2\/pages\/5\/revisions\/44"}],"wp:attachment":[{"href":"https:\/\/alt-lo.be\/index.php\/wp-json\/wp\/v2\/media?parent=5"}],"curies":[{"name":"wp","href":"https:\/\/api.w.org\/{rel}","templated":true}]}}